{"id":525,"date":"2018-01-10T18:24:32","date_gmt":"2018-01-10T17:24:32","guid":{"rendered":"http:\/\/wordpress.felixfrey.de\/?page_id=525"},"modified":"2021-04-26T20:41:40","modified_gmt":"2021-04-26T18:41:40","slug":"luftaufnahmen","status":"publish","type":"page","link":"https:\/\/www.felixfrey.de\/?page_id=525","title":{"rendered":"Luftaufnahmen"},"content":{"rendered":"<p><b>Bitte Aufnahme im Men\u00fc ausw\u00e4hlen<\/b><\/p>\n<div style=\"margin:0px;padding0px;\">Landkarte mit Flugorten:<\/div>\n<div style=\"height:400px; width:100%;\" id=\"map\"><\/div>\n<p><script>\n      function initMap() {\n        var POS_markers = [ {lat: 47.692466, lng: 7.751886}   ,  \/\/ Daheim\n                            {lat: 47.686688, lng: 7.746138}   ,  \/\/ Rossweide\n                            {lat: 47.687661, lng: 7.747369}   ,  \/\/ Schopf\n                            {lat: 47.691639, lng: 7.745215}   ,  \/\/ Kraemel Sued\n                            {lat: 47.692720, lng: 7.745156}   ,  \/\/ Kraemel Nord\n                            {lat: 47.686208, lng: 7.748087}   ,  \/\/ Leiseholz\n                            {lat: 47.688452, lng: 7.749521}   ,  \/\/ Kirche\n                            {lat: 47.703378, lng: 7.749925}   ,  \/\/ Steinenbergh\u00fctte\n                            {lat: 47.666634, lng: 7.933352}   ,  \/\/ Felsenh\u00fctte\n                            {lat: 47.662539, lng: 7.941580}   ]; \/\/ Hornberg\n        var LABEL_markers = [ 'Daheim', 'Rossweide', 'Schopf', 'Kr\u00e4mel S\u00fcd', 'Kr\u00e4mel Nord', 'Leiseholz', 'Kirche', 'Steinenbergh\u00fctte', 'Felsenh\u00fctte', 'Hornberg' ];\n        var image = \"http:\/\/www.felixfrey.de\/wp-content\/uploads\/2018\/01\/mk-icon.png\";\n        var marker = [];\n        var POS_center = {lat: 47.683642, lng:7.837521};\n        var map = new google.maps.Map(document.getElementById('map'), {\n          zoom: 11,\n          center: POS_center,\n          mapTypeId: 'hybrid',\n          disableDefaultUI: true,\n          mapTypeControl: true,\n          \/\/zoomControl: false,\n          \/\/scaleControl: true,\n          \/\/streetViewControl: false,\n          \/\/rotateControl: true,\n          fullscreenControl: true,\n          gestureHandling: 'cooperative'\n        });\n        for (ii = 0; ii < POS_markers.length; ii++) { \n          marker[ii] = new google.maps.Marker({\n            position: POS_markers[ii],\n            map: map,\n            icon: image,\n            title: LABEL_markers[ii]\n          });\n          marker[ii].addListener('click', function() {\n            var idx = marker.indexOf(this);\n            infowindow.setContent(LABEL_markers[idx]);\n            infowindow.open(map, this);\n          });\n        }\n        var infowindow = new google.maps.InfoWindow({\n            content: LABEL_markers[0]\n        });\n        infowindow.open(map, marker[0]);\n      }\n<\/script><br \/>\n<script async=\"\" defer=\"\" src=\"https:\/\/maps.googleapis.com\/maps\/api\/js?key=AIzaSyCCsAlEUnTeJr1W7aJS_7vCBy0WTF92WbM&amp;callback=initMap\">\n<\/script><\/p>\n","protected":false},"excerpt":{"rendered":"<div class=\"mh-excerpt\"><p>Bitte Aufnahme im Men\u00fc ausw\u00e4hlen Landkarte mit Flugorten:<\/p>\n<\/div>","protected":false},"author":1,"featured_media":0,"parent":0,"menu_order":0,"comment_status":"closed","ping_status":"closed","template":"","meta":{"footnotes":""},"class_list":["post-525","page","type-page","status-publish","hentry"],"_links":{"self":[{"href":"https:\/\/www.felixfrey.de\/index.php?rest_route=\/wp\/v2\/pages\/525","targetHints":{"allow":["GET"]}}],"collection":[{"href":"https:\/\/www.felixfrey.de\/index.php?rest_route=\/wp\/v2\/pages"}],"about":[{"href":"https:\/\/www.felixfrey.de\/index.php?rest_route=\/wp\/v2\/types\/page"}],"author":[{"embeddable":true,"href":"https:\/\/www.felixfrey.de\/index.php?rest_route=\/wp\/v2\/users\/1"}],"replies":[{"embeddable":true,"href":"https:\/\/www.felixfrey.de\/index.php?rest_route=%2Fwp%2Fv2%2Fcomments&post=525"}],"version-history":[{"count":53,"href":"https:\/\/www.felixfrey.de\/index.php?rest_route=\/wp\/v2\/pages\/525\/revisions"}],"predecessor-version":[{"id":959,"href":"https:\/\/www.felixfrey.de\/index.php?rest_route=\/wp\/v2\/pages\/525\/revisions\/959"}],"wp:attachment":[{"href":"https:\/\/www.felixfrey.de\/index.php?rest_route=%2Fwp%2Fv2%2Fmedia&parent=525"}],"curies":[{"name":"wp","href":"https:\/\/api.w.org\/{rel}","templated":true}]}}